{"id":12022,"date":"2014-07-27T08:05:28","date_gmt":"2014-07-27T06:05:28","guid":{"rendered":"https:\/\/www.gardatourism.it\/?page_id=12022"},"modified":"2016-01-06T03:32:44","modified_gmt":"2016-01-06T02:32:44","slug":"wine-garda-classico","status":"publish","type":"page","link":"https:\/\/www.gardatourism.it\/en\/local-products-of-garda\/local-wines-of-garda\/wine-garda-classico\/","title":{"rendered":"Wine Garda Classico"},"content":{"rendered":"<div>\u00a0<img decoding=\"async\" class=\"size-full wp-image-26098 alignnone\" src=\"https:\/\/www.gardatourism.it\/wp-content\/uploads\/top-lago-di-garda-carta-storica.jpg\" alt=\"top-lago-di-garda-carta-storica\" width=\"685\" height=\"192\" srcset=\"https:\/\/www.gardatourism.it\/wp-content\/uploads\/top-lago-di-garda-carta-storica.jpg 685w, https:\/\/www.gardatourism.it\/wp-content\/uploads\/top-lago-di-garda-carta-storica-300x84.jpg 300w\" sizes=\"(max-width: 685px) 100vw, 685px\" \/><\/div>\n<div>\n<div>\n<div>\n<h3><span id=\"result_box\" class=\"short_text\" lang=\"en\"><span class=\"hps\">TYPICAL WINES<\/span> <span class=\"hps\">OF\u00a0<\/span><span class=\"hps\">GARDA<\/span> LAKE <span class=\"hps\">AND ITS<\/span> <span class=\"hps\">TERRITORY<\/span><\/span><\/h3>\n<\/div>\n<\/div>\n<\/div>\n<h4 align=\"left\"><strong>WINE GARDA CLASSICO, VALTENESI AND GARDA MORAINIC HILLS<\/strong><\/h4>\n<div align=\"justify\">\n<p>\u00a0<span lang=\"en\"><span lang=\"en\"><span title=\"La zona di produzione del Garda Classico e Valtenesi comprende la Valtenesi ed i territori di Sirmione, Desenzano, San Martino della Battaglia, Lonato e Pozzolengo, che offrono l'habitat ideale per la coltivazione del Tocai, di cui il Garda Classico \u00e8 composto per almeno\">The production area of \u200b\u200bthe wine Garda Classico and wine Valtenesi includes Valtenesi and territories of Sirmione, Desenzano, San Martino della Battaglia, Lonato and Pozzolengo, which provide the ideal habitat for the cultivation of Tocai, which the Garda Classico is made for at least <\/span><span title=\"l'ottanta per cento.\">eighty percent. <\/span><span title=\"Altro vitigno rappresentativo di questo vino \u00e8 il Groppello, che viene coltivato esclusivamente in Valtenesi ed \u00e8 una rarit\u00e0 che si suddivide in tre tipi: Groppello Gentile, Groppello di Mocasina, Groppello di Santo Stefano.\">Other vine representative of this wine is Groppello, which is grown exclusively in Valtenesi and is a rarity that is divided into three types: Groppello Gentile, Groppello Mocasina, Groppello of Santo Stefano.<\/span><\/span><\/span><strong>Wine<\/strong> <span title=\"Garda Classico Chiaretto: Viene prodotto dall'uva rossa del Garda Classico rosso ma il procedimento di vinificazione \u00e8 fatto in modo da ottenere un prodotto rosato, dal profumo di fiori e frutti di bosco, dal gusto fresco; un vino molto particolare che si distingue per\"><strong>Garda Classico Chiaretto:<\/strong> It is produced from red grapes of the Garda Classico red but the process of fermentation is done in order to obtain a pink, scented flowers and berries, fresh taste, a very particular wine that stands out for <\/span><span title=\"la sua freschezza e struttura.\">its freshness and structure.<\/span><\/p>\n<p><strong>Wine<\/strong> <span title=\"Garda Classico Rosso Superiore: Per ottenere questo vino vengono vinificati insieme quattro uvaggi: Groppello, Marzemino, Barbera e Sangiovese; il prodotto bevuto giovane \u00e8 leggero ma ben strutturato, mentre con l'invecchiamento di almeno un anno arriva alla denominazione \u201cSuperiore\u201d ed acquista\"><strong>Garda Classico Rosso and Superiore:<\/strong> To get this wine grapes are vinified together four: Groppello, Marzemino, Barbera and Sangiovese, the product is slightly drunk young but well-structured, and with the aging of at least one year comes to the name &#8220;Superior&#8221; and buy <\/span><span title=\"un profumo fragrante ed un sapore asciutto.\">a fragrant aroma and a dry flavor.<\/span><\/p>\n<p><strong>Wine<\/strong> <span title=\"Garda Classico Groppello e Riserva: La particolarit\u00e0 di questo vino sta nel fatto che \u00e8 ottenuto per almeno l'ottantacinque per cento da uve di groppello, che sono coltivate esclusivamente in Valtenesi e si distinguono in tre biotipi: Gentile, Mocasina e Santo Stefano.\"><strong>Garda Classico <\/strong><\/span><\/p>\n<p><span lang=\"en\"><span lang=\"en\"><span lang=\"en\"><span title=\"Garda Classico Groppello e Riserva: La particolarit\u00e0 di questo vino sta nel fatto che \u00e8 ottenuto per almeno l'ottantacinque per cento da uve di groppello, che sono coltivate esclusivamente in Valtenesi e si distinguono in tre biotipi: Gentile, Mocasina e Santo Stefano.\"><strong><span id=\"result_box\" lang=\"en\"><span title=\"Garda Classico Groppello e Riserva: La particolarit\u00e0 di questo vino sta nel fatto che \u00e8 ottenuto per almeno l'ottantacinque per cento da uve di groppello, che sono coltivate esclusivamente in Valtenesi e si distinguono in tre biotipi: Gentile, Mocasina e Santo Stefano.\"><strong>Groppello and <\/strong><\/span><\/span>Riserva: <\/strong>The special feature of this wine is that it is obtained by at least eighty-five percent of groppello from grapes which are grown exclusively in Valtenesi and are divided into three biotypes: Dear, Mocasina and Boxing Day. <\/span><span title=\"Il Groppello \u00e8 un vino da bere giovane o con una media invecchia tura, dopo due anni prende il nome di \u201cRiserva\u201d, in entrambe i casi ha un profumo di spezie dolci, con l'invecchiamento diventa pi\u00f9 corposo.\">Groppello is a wine to drink young or older with an average ture, after two years is called &#8220;Reserve&#8221;, in both cases has a scent of sweet spices, with aging becomes thicker.<\/span><\/span><\/span><\/span><strong>Wine <\/strong><span title=\"Garda Classico Bianco: Vino composto da almeno l'ottanta per cento di uve di Riesling sia renano che italico, dal colore paglierino\"><strong>Garda Classico White<\/strong>: wine composed of at least eighty percent of the grapes of Riesling Rhine that is italic, straw-colored<\/span><\/p>\n<p><span title=\"La zona di produzione del Garda Colli Morenici Mantovani \u00e8 quella dell'immediato entroterra del basso Garda, tra i fiumi Mincio e Chiese; i vini di questa zona, sia bianchi che rossi, pendono il nome dei vitigni da cui sono prodotti ma devono avere almeno\">The production area of \u200b\u200bthe <strong>Wine<\/strong> <strong>Garda Colli Morenici<\/strong> is the hinterland of Lake Garda, between the rivers Mincio and churches, the wines of this area, both white and red, hang the name of the grape from which they are produced, but must be at least <\/span><span title=\"l'ottantacinque per cento del corrispondente uvaggio per poter conseguire la doc Garda; le variet\u00e0 sono, per i bianchi: Garganega (autoctono), Pinot bianco, Pinot grigio, Chardonnay, Riesling, Sauvignon e per i rossi: Cabernet, Cabernet franc, Cabernet\">eighty-five per cent of the corresponding blend in order to achieve the doc Garda, and the varieties are, for the whites: Garganega (native), Pinot Blanc, Pinot Gris, Chardonnay, Riesling, Sauvignon Blanc and red wines: Cabernet, Cabernet Franc, Cabernet <\/span><span title=\"sauvignon, Merlot, Pinot nero, Marzemino, Corvina, Barbera\">Sauvignon, Merlot, Pinot Noir, Marzemino, Corvina, Barbera<\/span><\/p>\n<\/div>\n<div align=\"justify\"><\/div>\n<div align=\"justify\"><strong><span style=\"font-family: Georgia; font-size: medium;\">Areas of the <span style=\"font-size: medium;\">T<\/span>ypical Wines of Garda:<\/span><\/strong><\/div>\n<div align=\"justify\"><strong><a title=\"Vallagarina wine map\" href=\"https:\/\/www.gardatourism.it\/en\/local-products-of-garda\/local-wines-of-garda\/wine-vallagarina\/\">Vallagarina wine<\/a> &#8211; <\/strong><strong><a title=\"Valpolicella wine map\" href=\"https:\/\/www.gardatourism.it\/en\/local-products-of-garda\/local-wines-of-garda\/wine-valpolicella\/\">Valpolicella wine<\/a> &#8211;<strong><a title=\"Lakes Valley wines map\" href=\"https:\/\/www.gardatourism.it\/en\/local-products-of-garda\/local-wines-of-garda\/wine-trento-lakes-valley\/\">Lakes Valley wine<\/a> &#8211; <strong><a title=\"Bardolino wine map\" href=\"https:\/\/www.gardatourism.it\/en\/local-products-of-garda\/local-wines-of-garda\/wine-bardolino\/\">Bardolino wine<\/a> &#8211; <\/strong><strong><a title=\"Custoza wine map\" href=\"https:\/\/www.gardatourism.it\/en\/local-products-of-garda\/local-wines-of-garda\/wine-custoza\/\">Custoza wine<\/a> &#8211; <\/strong><strong><a title=\"Lugana wine map\" href=\"https:\/\/www.gardatourism.it\/en\/local-products-of-garda\/local-wines-of-garda\/wine-lugana\/\">Lugana wine<\/a> &#8211; <\/strong><strong><a title=\"Garda Classico wines map\" href=\"https:\/\/www.gardatourism.it\/en\/local-products-of-garda\/local-wines-of-garda\/wine-garda-classico\/\">Garda Classico wine<\/a> <\/strong> <\/strong> <\/strong><\/div>\n","protected":false},"excerpt":{"rendered":"<p>\u00a0 TYPICAL WINES OF\u00a0GARDA LAKE AND ITS TERRITORY WINE GARDA CLASSICO, VALTENESI [&hellip;]<\/p>\n","protected":false},"author":1,"featured_media":0,"parent":12005,"menu_order":0,"comment_status":"open","ping_status":"closed","template":"","meta":{"_acf_changed":false,"footnotes":""},"class_list":["post-12022","page","type-page","status-publish","hentry"],"acf":[],"_links":{"self":[{"href":"https:\/\/www.gardatourism.it\/en\/wp-json\/wp\/v2\/pages\/12022","targetHints":{"allow":["GET"]}}],"collection":[{"href":"https:\/\/www.gardatourism.it\/en\/wp-json\/wp\/v2\/pages"}],"about":[{"href":"https:\/\/www.gardatourism.it\/en\/wp-json\/wp\/v2\/types\/page"}],"author":[{"embeddable":true,"href":"https:\/\/www.gardatourism.it\/en\/wp-json\/wp\/v2\/users\/1"}],"replies":[{"embeddable":true,"href":"https:\/\/www.gardatourism.it\/en\/wp-json\/wp\/v2\/comments?post=12022"}],"version-history":[{"count":5,"href":"https:\/\/www.gardatourism.it\/en\/wp-json\/wp\/v2\/pages\/12022\/revisions"}],"predecessor-version":[{"id":27515,"href":"https:\/\/www.gardatourism.it\/en\/wp-json\/wp\/v2\/pages\/12022\/revisions\/27515"}],"up":[{"embeddable":true,"href":"https:\/\/www.gardatourism.it\/en\/wp-json\/wp\/v2\/pages\/12005"}],"wp:attachment":[{"href":"https:\/\/www.gardatourism.it\/en\/wp-json\/wp\/v2\/media?parent=12022"}],"curies":[{"name":"wp","href":"https:\/\/api.w.org\/{rel}","templated":true}]}}